{"id":3942,"date":"2022-09-26T15:46:56","date_gmt":"2022-09-26T13:46:56","guid":{"rendered":"https:\/\/ninagarby.com\/?post_type=product&#038;p=3942"},"modified":"2023-07-03T08:42:39","modified_gmt":"2023-07-03T06:42:39","slug":"felpa-patience","status":"publish","type":"product","link":"https:\/\/ninagarby.com\/en\/prodotti\/felpa-patience\/","title":{"rendered":"Patience"},"content":{"rendered":"<div data-elementor-type=\"product-post\" data-elementor-id=\"3942\" class=\"elementor elementor-3942\" data-elementor-post-type=\"product\">\n\t\t\t\t\t\t<section data-particle_enable=\"false\" data-particle-mobile-disabled=\"false\" class=\"elementor-section elementor-top-section elementor-element elementor-element-f2ad713 elementor-section-boxed elementor-section-height-default elementor-section-height-default\" data-id=\"f2ad713\" data-element_type=\"section\" data-e-type=\"section\" data-settings=\"{&quot;jet_parallax_layout_list&quot;:[],&quot;background_background&quot;:&quot;classic&quot;}\">\n\t\t\t\t\t\t<div class=\"elementor-container elementor-column-gap-default\">\n\t\t\t\t\t<div class=\"elementor-column elementor-col-100 elementor-top-column elementor-element elementor-element-1d729e91\" data-id=\"1d729e91\" data-element_type=\"column\" data-e-type=\"column\">\n\t\t\t<div class=\"elementor-widget-wrap elementor-element-populated\">\n\t\t\t\t\t\t<div class=\"elementor-element elementor-element-9d764e3 elementor-blockquote--skin-quotation elementor-blockquote--button-color-official elementor-widget elementor-widget-blockquote\" data-id=\"9d764e3\" data-element_type=\"widget\" data-e-type=\"widget\" data-widget_type=\"blockquote.default\">\n\t\t\t\t<div class=\"elementor-widget-container\">\n\t\t\t\t\t\t\t<blockquote class=\"elementor-blockquote\">\n\t\t\t<p class=\"elementor-blockquote__content\">\n\t\t\t\tPatience (Sabr)\t\t\t<\/p>\n\t\t\t\t\t<\/blockquote>\n\t\t\t\t\t\t<\/div>\n\t\t\t\t<\/div>\n\t\t\t\t<div class=\"elementor-element elementor-element-5706ee18 elementor-widget elementor-widget-text-editor\" data-id=\"5706ee18\" data-element_type=\"widget\" data-e-type=\"widget\" data-widget_type=\"text-editor.default\">\n\t\t\t\t<div class=\"elementor-widget-container\">\n\t\t\t\t\t\t\t\t\t<p><span style=\"font-family: -apple-system, BlinkMacSystemFont, 'Segoe UI', Roboto, 'Helvetica Neue', Arial, 'Noto Sans', sans-serif; font-size: 1rem;\">Sabr means to restrain the self from agitation when confronted with the undesirable.\"<\/span><\/p><p>\"Sabr means keeping the self from complaining about hidden anguish.\"<br \/>Quando una persona crede fermamente che ci\u00f2 che sta per ottenere nell\u2019altro mondo dopo la morte sar\u00e0 la conseguenza delle sue opere compiute in questa vita terrena, non avr\u00e0 alcuna difficolt\u00e0 ad attraversare difficolt\u00e0 e situazioni difficili.<br \/>Entrust your life's contingencies to this word by communicating this message through Nina Gabry sweatshirts<\/p>\t\t\t\t\t\t\t\t<\/div>\n\t\t\t\t<\/div>\n\t\t\t\t<section data-particle_enable=\"false\" data-particle-mobile-disabled=\"false\" class=\"elementor-section elementor-inner-section elementor-element elementor-element-c0865c4 elementor-section-boxed elementor-section-height-default elementor-section-height-default\" data-id=\"c0865c4\" data-element_type=\"section\" data-e-type=\"section\" data-settings=\"{&quot;jet_parallax_layout_list&quot;:[]}\">\n\t\t\t\t\t\t<div class=\"elementor-container elementor-column-gap-default\">\n\t\t\t\t\t<div class=\"elementor-column elementor-col-50 elementor-inner-column elementor-element elementor-element-3e2555d\" data-id=\"3e2555d\" data-element_type=\"column\" data-e-type=\"column\">\n\t\t\t<div class=\"elementor-widget-wrap elementor-element-populated\">\n\t\t\t\t\t\t<div class=\"elementor-element elementor-element-79fdc5c elementor-widget elementor-widget-text-editor\" data-id=\"79fdc5c\" data-element_type=\"widget\" data-e-type=\"widget\" data-widget_type=\"text-editor.default\">\n\t\t\t\t<div class=\"elementor-widget-container\">\n\t\t\t\t\t\t\t\t\t<p><strong>Measures<\/strong><\/p><p><strong>S<\/strong> - height 71 cm \/ width 51 cm\u00a0<br \/><strong>M<\/strong> - height 72<span style=\"font-family: -apple-system, BlinkMacSystemFont, 'Segoe UI', Roboto, 'Helvetica Neue', Arial, 'Noto Sans', sans-serif; font-size: 1rem;\">\u00a0<\/span><span style=\"font-family: -apple-system, BlinkMacSystemFont, 'Segoe UI', Roboto, 'Helvetica Neue', Arial, 'Noto Sans', sans-serif; font-size: 1rem;\">cm<\/span><span style=\"font-family: -apple-system, BlinkMacSystemFont, 'Segoe UI', Roboto, 'Helvetica Neue', Arial, 'Noto Sans', sans-serif; font-size: 1rem;\">\u00a0<\/span><span style=\"font-family: -apple-system, BlinkMacSystemFont, 'Segoe UI', Roboto, 'Helvetica Neue', Arial, 'Noto Sans', sans-serif; font-size: 1rem;\">\/ width 54<\/span><span style=\"font-family: -apple-system, BlinkMacSystemFont, 'Segoe UI', Roboto, 'Helvetica Neue', Arial, 'Noto Sans', sans-serif; font-size: 1rem;\">\u00a0<\/span><span style=\"font-family: -apple-system, BlinkMacSystemFont, 'Segoe UI', Roboto, 'Helvetica Neue', Arial, 'Noto Sans', sans-serif; font-size: 1rem;\">cm<\/span><span style=\"font-family: -apple-system, BlinkMacSystemFont, 'Segoe UI', Roboto, 'Helvetica Neue', Arial, 'Noto Sans', sans-serif; font-size: 1rem;\">\u00a0<br \/><\/span><strong>L<\/strong> - height 73<span style=\"font-family: -apple-system, BlinkMacSystemFont, 'Segoe UI', Roboto, 'Helvetica Neue', Arial, 'Noto Sans', sans-serif; font-size: 1rem;\">\u00a0<\/span><span style=\"font-family: -apple-system, BlinkMacSystemFont, 'Segoe UI', Roboto, 'Helvetica Neue', Arial, 'Noto Sans', sans-serif; font-size: 1rem;\">cm<\/span><span style=\"font-family: -apple-system, BlinkMacSystemFont, 'Segoe UI', Roboto, 'Helvetica Neue', Arial, 'Noto Sans', sans-serif; font-size: 1rem;\">\u00a0\/<\/span><span style=\"font-family: -apple-system, BlinkMacSystemFont, 'Segoe UI', Roboto, 'Helvetica Neue', Arial, 'Noto Sans', sans-serif; font-size: 1rem;\">\u00a0width 57<\/span><span style=\"font-family: -apple-system, BlinkMacSystemFont, 'Segoe UI', Roboto, 'Helvetica Neue', Arial, 'Noto Sans', sans-serif; font-size: 1rem;\">\u00a0<\/span><span style=\"font-family: -apple-system, BlinkMacSystemFont, 'Segoe UI', Roboto, 'Helvetica Neue', Arial, 'Noto Sans', sans-serif; font-size: 1rem;\">cm<\/span><span style=\"font-family: -apple-system, BlinkMacSystemFont, 'Segoe UI', Roboto, 'Helvetica Neue', Arial, 'Noto Sans', sans-serif; font-size: 1rem;\">\u00a0<\/span><\/p><p>\u00a0<\/p><p><strong>Composition<\/strong><\/p><p>80% cotton<br \/>20%polyester<br \/>280gr\/sqm<\/p><p>Brushed interior<br \/>Outer 100% cotton<br \/>Reinforcement tape on the neck<\/p><p>Wash at 30 degrees<\/p>\t\t\t\t\t\t\t\t<\/div>\n\t\t\t\t<\/div>\n\t\t\t\t\t<\/div>\n\t\t<\/div>\n\t\t\t\t<div class=\"elementor-column elementor-col-50 elementor-inner-column elementor-element elementor-element-5d5c4b6\" data-id=\"5d5c4b6\" data-element_type=\"column\" data-e-type=\"column\">\n\t\t\t<div class=\"elementor-widget-wrap elementor-element-populated\">\n\t\t\t\t\t\t<div class=\"elementor-element elementor-element-b68965e elementor-widget elementor-widget-image\" data-id=\"b68965e\" data-element_type=\"widget\" data-e-type=\"widget\" data-widget_type=\"image.default\">\n\t\t\t\t<div class=\"elementor-widget-container\">\n\t\t\t\t\t\t\t\t\t\t\t\t\t\t\t<img fetchpriority=\"high\" decoding=\"async\" width=\"1024\" height=\"819\" src=\"https:\/\/i0.wp.com\/ninagarby.com\/wp-content\/uploads\/2022\/09\/64CD8B29-0A1A-44E6-8FF3-B232E6594680-scaled.jpeg?fit=1024%2C819&amp;ssl=1\" class=\"attachment-large size-large wp-image-3958\" alt=\"\" srcset=\"https:\/\/i0.wp.com\/ninagarby.com\/wp-content\/uploads\/2022\/09\/64CD8B29-0A1A-44E6-8FF3-B232E6594680-scaled.jpeg?w=2560&amp;ssl=1 2560w, https:\/\/i0.wp.com\/ninagarby.com\/wp-content\/uploads\/2022\/09\/64CD8B29-0A1A-44E6-8FF3-B232E6594680-scaled.jpeg?resize=300%2C240&amp;ssl=1 300w, https:\/\/i0.wp.com\/ninagarby.com\/wp-content\/uploads\/2022\/09\/64CD8B29-0A1A-44E6-8FF3-B232E6594680-scaled.jpeg?resize=1024%2C819&amp;ssl=1 1024w, https:\/\/i0.wp.com\/ninagarby.com\/wp-content\/uploads\/2022\/09\/64CD8B29-0A1A-44E6-8FF3-B232E6594680-scaled.jpeg?resize=768%2C614&amp;ssl=1 768w, https:\/\/i0.wp.com\/ninagarby.com\/wp-content\/uploads\/2022\/09\/64CD8B29-0A1A-44E6-8FF3-B232E6594680-scaled.jpeg?resize=1536%2C1229&amp;ssl=1 1536w, https:\/\/i0.wp.com\/ninagarby.com\/wp-content\/uploads\/2022\/09\/64CD8B29-0A1A-44E6-8FF3-B232E6594680-scaled.jpeg?resize=2048%2C1638&amp;ssl=1 2048w, https:\/\/i0.wp.com\/ninagarby.com\/wp-content\/uploads\/2022\/09\/64CD8B29-0A1A-44E6-8FF3-B232E6594680-scaled.jpeg?resize=15%2C12&amp;ssl=1 15w, https:\/\/i0.wp.com\/ninagarby.com\/wp-content\/uploads\/2022\/09\/64CD8B29-0A1A-44E6-8FF3-B232E6594680-scaled.jpeg?resize=600%2C480&amp;ssl=1 600w, https:\/\/i0.wp.com\/ninagarby.com\/wp-content\/uploads\/2022\/09\/64CD8B29-0A1A-44E6-8FF3-B232E6594680-scaled.jpeg?resize=200%2C160&amp;ssl=1 200w\" sizes=\"(max-width: 1024px) 100vw, 1024px\" \/>\t\t\t\t\t\t\t\t\t\t\t\t\t\t\t<\/div>\n\t\t\t\t<\/div>\n\t\t\t\t\t<\/div>\n\t\t<\/div>\n\t\t\t\t\t<\/div>\n\t\t<\/section>\n\t\t\t\t\t<\/div>\n\t\t<\/div>\n\t\t\t\t\t<\/div>\n\t\t<\/section>\n\t\t\t\t<\/div>","protected":false},"excerpt":{"rendered":"<p>Sabr means to restrain the self from agitation when confronted with the undesirable.\"<br \/>\n\"Sabr means keeping the self from complaining about hidden anguish.\"<\/p>\n<p>&nbsp;<\/p>","protected":false},"featured_media":3958,"comment_status":"open","ping_status":"closed","template":"","meta":{"_kad_post_transparent":"default","_kad_post_title":"","_kad_post_layout":"default","_kad_post_sidebar_id":"","_kad_post_content_style":"default","_kad_post_vertical_padding":"default","_kad_post_feature":"","_kad_post_feature_position":"","_kad_post_header":false,"_kad_post_footer":false},"product_brand":[],"product_cat":[73],"product_tag":[],"class_list":{"0":"post-3942","1":"product","2":"type-product","3":"status-publish","4":"has-post-thumbnail","6":"product_cat-felpe","8":"first","9":"instock","10":"sale","11":"shipping-taxable","12":"purchasable","13":"product-type-variable","14":"entry","15":"content-bg","16":"loop-entry"},"jetpack-related-posts":[],"jetpack_sharing_enabled":true,"_links":{"self":[{"href":"https:\/\/ninagarby.com\/en\/wp-json\/wp\/v2\/product\/3942","targetHints":{"allow":["GET"]}}],"collection":[{"href":"https:\/\/ninagarby.com\/en\/wp-json\/wp\/v2\/product"}],"about":[{"href":"https:\/\/ninagarby.com\/en\/wp-json\/wp\/v2\/types\/product"}],"replies":[{"embeddable":true,"href":"https:\/\/ninagarby.com\/en\/wp-json\/wp\/v2\/comments?post=3942"}],"version-history":[{"count":48,"href":"https:\/\/ninagarby.com\/en\/wp-json\/wp\/v2\/product\/3942\/revisions"}],"predecessor-version":[{"id":4406,"href":"https:\/\/ninagarby.com\/en\/wp-json\/wp\/v2\/product\/3942\/revisions\/4406"}],"wp:featuredmedia":[{"embeddable":true,"href":"https:\/\/ninagarby.com\/en\/wp-json\/wp\/v2\/media\/3958"}],"wp:attachment":[{"href":"https:\/\/ninagarby.com\/en\/wp-json\/wp\/v2\/media?parent=3942"}],"wp:term":[{"taxonomy":"product_brand","embeddable":true,"href":"https:\/\/ninagarby.com\/en\/wp-json\/wp\/v2\/product_brand?post=3942"},{"taxonomy":"product_cat","embeddable":true,"href":"https:\/\/ninagarby.com\/en\/wp-json\/wp\/v2\/product_cat?post=3942"},{"taxonomy":"product_tag","embeddable":true,"href":"https:\/\/ninagarby.com\/en\/wp-json\/wp\/v2\/product_tag?post=3942"}],"curies":[{"name":"wp","href":"https:\/\/api.w.org\/{rel}","templated":true}]}}